{"id":7367,"date":"2025-03-31T00:13:13","date_gmt":"2025-03-30T22:13:13","guid":{"rendered":"https:\/\/polletsro.cz\/?page_id=7367"},"modified":"2025-08-27T22:31:33","modified_gmt":"2025-08-27T20:31:33","slug":"lenka-polletova","status":"publish","type":"page","link":"https:\/\/polletsro.cz\/?page_id=7367","title":{"rendered":"Lenka Polletov\u00e1"},"content":{"rendered":"\t\t<div data-elementor-type=\"wp-page\" data-elementor-id=\"7367\" class=\"elementor elementor-7367\">\n\t\t\t\t        <section class=\"elementor-section elementor-top-section elementor-element elementor-element-6a30bb3 elementor-section-boxed elementor-section-height-default elementor-section-height-default ct-header-fixed-none ct-row-max-none\" data-id=\"6a30bb3\" data-element_type=\"section\">\n            \n                        <div class=\"elementor-container elementor-column-gap-no \">\n                    <div class=\"elementor-column elementor-col-100 elementor-top-column elementor-element elementor-element-2fb47ad\" data-id=\"2fb47ad\" data-element_type=\"column\">\n        <div class=\"elementor-widget-wrap elementor-element-populated\">\n                    \n        \t\t<div class=\"elementor-element elementor-element-64d7a4a elementor-widget elementor-widget-slider_revolution\" data-id=\"64d7a4a\" data-element_type=\"widget\" data-widget_type=\"slider_revolution.default\">\n\t\t\t\t<div class=\"elementor-widget-container\">\n\t\t\t\t\t\n\t\t<div class=\"wp-block-themepunch-revslider\">\n\t\t\t\t<p class=\"rs-p-wp-fix\"><\/p>\n\t\t\t\t<sr7-module data-alias=\"digital1\" data-id=\"2\" id=\"SR7_2_1\" class=\"rs-ov-hidden\" data-version=\"6.7.30\">\n\t\t\t\t\t<sr7-adjuster><\/sr7-adjuster>\n\t\t\t\t\t<sr7-content>\n\t\t\t\t\t\t<sr7-slide id=\"SR7_2_1-4\" data-key=\"4\">\n\t\t\t\t\t\t\t<sr7-txt id=\"SR7_2_1-4-1\" class=\"sr7-layer\">LENKA <br \/>\nPOLLETOV\u00c1<\/sr7-txt>\n\t\t\t\t\t\t\t<a id=\"SR7_2_1-4-2\" class=\"sr7-layer\" href=\"http:\/\/pollet-s-r-o.reservio.com\" target=\"_self\">REZERVA\u010cN\u00cd PORT\u00c1L<\/a>\n\t\t\t\t\t\t\t<a id=\"SR7_2_1-4-5\" class=\"sr7-layer\" href=\"http:\/\/pollet-s-r-o.reservio.com\" target=\"_self\">REZERVA\u010cN\u00cd PORT\u00c1L<\/a>\n\t\t\t\t\t\t\t<sr7-txt id=\"SR7_2_1-4-6\" class=\"sr7-layer\">LENKA <br \/>\nPOLLETOV\u00c1<\/sr7-txt>\n\t\t\t\t\t\t\t<sr7-txt id=\"SR7_2_1-4-9\" class=\"sr7-layer\">LENKA <br \/>\nPOLLETOV\u00c1<\/sr7-txt>\n\t\t\t\t\t\t\t<a id=\"SR7_2_1-4-17\" class=\"sr7-layer\" href=\"http:\/\/pollet-s-r-o.reservio.com\" target=\"_self\">REZERVA\u010cN\u00cd PORT\u00c1L<\/a>\n\t\t\t\t\t\t<\/sr7-slide>\n\t\t\t\t\t\t<sr7-slide id=\"SR7_2_1-14\" data-key=\"14\">\n\t\t\t\t\t\t<\/sr7-slide>\n\t\t\t\t\t<\/sr7-content>\n\t\t\t\t\t<image_lists style=\"display:none\">\n\t\t\t\t\t\t<img data-src=\"\/\/polletsro.cz\/wp-content\/uploads\/2025\/09\/polletsro_onas-scaled-e1758568726844.jpg\" data-libid=\"8015\" data-lib=\"medialibrary\" title=\"polletsro_onas\" width=\"0\" height=\"0\" data-dbsrc=\"Ly9wb2xsZXRzcm8uY3ovd3AtY29udGVudC91cGxvYWRzLzIwMjUvMDkvcG9sbGV0c3JvX29uYXMtc2NhbGVkLWUxNzU4NTY4NzI2ODQ0LmpwZw==\"\/>\n\t\t\t\t\t<\/image_lists>\n\t\t\t\t<\/sr7-module>\n\t\t\t\t<script>\n\t\t\t\t\tSR7.PMH ??={}; SR7.PMH[\"SR7_2_1\"] = {cn:100,state:false,fn: function() { if (_tpt!==undefined && _tpt.prepareModuleHeight !== undefined) {  _tpt.prepareModuleHeight({id:\"SR7_2_1\",el:[578.984,578.984,579,579,540],type:'standard',shdw:'0',gh:[579,579,579,579,540],gw:[1230,1230,1024,778,480],vpt:['-200px&#039;,&#039;-200px&#039;,&#039;-200px&#039;,&#039;-200px&#039;,&#039;-200px'],size:{fullWidth:true, fullHeight:false},mh:'0',onh:0,onw:0,bg:{color:'{\"orig\":\"transparent\",\"type\":\"solid\",\"string\":\"transparent\"}'},plType:'0',plColor:'#FFFFFF'});   SR7.PMH[\"SR7_2_1\"].state=true;} else if(SR7.PMH[\"SR7_2_1\"].cn-->0)\tsetTimeout( SR7.PMH[\"SR7_2_1\"].fn,19);}};SR7.PMH[\"SR7_2_1\" ].fn();\n\t\t\t\t<\/script>\n<\/div>\n\n\t\t\t\t\t\t<\/div>\n\t\t\t\t<\/div>\n\t\t            <\/div>\n        <\/div>\n                    <\/div>\n        <\/section>\n        <div class=\"elementor-element elementor-element-3dd91ef e-flex e-con-boxed e-con e-parent\" data-id=\"3dd91ef\" data-element_type=\"container\">\n\t\t\t\t\t<div class=\"e-con-inner\">\n\t\t\t\t<div class=\"elementor-element elementor-element-ac8d8df elementor-widget-divider--view-line elementor-widget elementor-widget-divider\" data-id=\"ac8d8df\" data-element_type=\"widget\" data-widget_type=\"divider.default\">\n\t\t\t\t<div class=\"elementor-widget-container\">\n\t\t\t\t\t\t\t<div class=\"elementor-divider\">\n\t\t\t<span class=\"elementor-divider-separator\">\n\t\t\t\t\t\t<\/span>\n\t\t<\/div>\n\t\t\t\t\t\t<\/div>\n\t\t\t\t<\/div>\n\t\t\t\t\t<\/div>\n\t\t\t\t<\/div>\n\t\t<div class=\"elementor-element elementor-element-cf2bc86 e-flex e-con-boxed e-con e-parent\" data-id=\"cf2bc86\" data-element_type=\"container\">\n\t\t\t\t\t<div class=\"e-con-inner\">\n\t\t\t\t<div class=\"elementor-element elementor-element-f303a1e elementor-widget elementor-widget-ct_heading\" data-id=\"f303a1e\" data-element_type=\"widget\" data-widget_type=\"ct_heading.default\">\n\t\t\t\t<div class=\"elementor-widget-container\">\n\t\t\t\t\t<div id=\"ct_heading-f303a1e\" class=\"ct-heading h-align-center sub-style1 ct-heading-left item-st-default\">\r\n\t<div class=\"ct-item--inner\">\r\n        <div class=\"ct-inline-css\"  data-css=\"\r\n            \">\r\n        <\/div>\r\n                <h3 class=\"item--title st-default case-animate-time\" data-wow-delay=\"ms\">\r\n                        <span class=\"sp-main\">\r\n                \r\n                Specialista rozvoje v oblasti st\u0159edn\u00edho managementu\u200b\r\n                \r\n                            <\/span>\r\n                    <\/h3>\r\n    <\/div>\r\n<\/div>\t\t\t\t<\/div>\n\t\t\t\t<\/div>\n\t\t\t\t\t<\/div>\n\t\t\t\t<\/div>\n\t\t<div class=\"elementor-element elementor-element-b852306 e-flex e-con-boxed e-con e-parent\" data-id=\"b852306\" data-element_type=\"container\">\n\t\t\t\t\t<div class=\"e-con-inner\">\n\t\t\t\t<div class=\"elementor-element elementor-element-1d8c96d elementor-widget elementor-widget-image-box\" data-id=\"1d8c96d\" data-element_type=\"widget\" data-widget_type=\"image-box.default\">\n\t\t\t\t<div class=\"elementor-widget-container\">\n\t\t\t\t\t<div class=\"elementor-image-box-wrapper\"><div class=\"elementor-image-box-content\"><p class=\"elementor-image-box-description\">V\u00edce ne\u017e 30 let se pohybuji v prost\u0159ed\u00ed \u0159\u00edzen\u00ed lid\u00ed a firem, jak na \u010desk\u00e9m, tak mezin\u00e1rodn\u00edm trhu.\nZ toho ji\u017e v\u00edce ne\u017e 25 let aktivn\u011b p\u016fsob\u00edm v roli st\u0159edn\u00edho a vy\u0161\u0161\u00edho managementu.\nMoje praxe je pos\u00edlena studiem nejd\u016fle\u017eit\u011bj\u0161\u00edch mana\u017eersk\u00fdch teori\u00ed nejen v \u010cesk\u00e9 republice, ale i v zahrani\u010d\u00ed, nejen z knih, ale i od renomovan\u00fdch specialist\u016f z oblasti managementu, obchodu a slu\u017eeb.<br>\n<br>\nPraxe, prost\u0159ed\u00ed a rysy dne\u0161n\u00ed doby m\u011b vedou k p\u0159esv\u011bd\u010den\u00ed, \u017ee pr\u00e1ce v oblasti rozvoje lid\u00ed, jejich motivace, inspirace a ovliv\u0148ov\u00e1n\u00ed na \u00farovni my\u0161len\u00ed, se daleko l\u00e9pe da\u0159\u00ed v TANDEMU.\nA proto se dnes v\u011bnujeme klient\u016fm v TANDEMU PS.<br>\n<br>\nVz\u00e1jemnou spolupr\u00e1ci budujeme ji\u017e od roku 2009 a cel\u00fdch 15 let pracujeme na tom, aby ka\u017ed\u00fd n\u00e1\u0161 klient odch\u00e1zel s dovednostmi, znalostmi a motivac\u00ed ve vysok\u00e9 kvalit\u011b.<\/p><\/div><\/div>\t\t\t\t<\/div>\n\t\t\t\t<\/div>\n\t\t\t\t<div class=\"elementor-element elementor-element-404f6cc elementor-widget-divider--view-line elementor-widget elementor-widget-divider\" data-id=\"404f6cc\" data-element_type=\"widget\" data-widget_type=\"divider.default\">\n\t\t\t\t<div class=\"elementor-widget-container\">\n\t\t\t\t\t\t\t<div class=\"elementor-divider\">\n\t\t\t<span class=\"elementor-divider-separator\">\n\t\t\t\t\t\t<\/span>\n\t\t<\/div>\n\t\t\t\t\t\t<\/div>\n\t\t\t\t<\/div>\n\t\t\t\t\t<\/div>\n\t\t\t\t<\/div>\n\t\t<div class=\"elementor-element elementor-element-d5b49d4 e-flex e-con-boxed e-con e-parent\" data-id=\"d5b49d4\" data-element_type=\"container\">\n\t\t\t\t\t<div class=\"e-con-inner\">\n\t\t<div class=\"elementor-element elementor-element-4dc5c30 e-con-full e-flex e-con e-child\" data-id=\"4dc5c30\" data-element_type=\"container\">\n\t\t<div class=\"elementor-element elementor-element-3569d0c e-con-full e-flex e-con e-child\" data-id=\"3569d0c\" data-element_type=\"container\">\n\t\t\t\t<div class=\"elementor-element elementor-element-3439f29 elementor-position-top elementor-widget elementor-widget-image-box\" data-id=\"3439f29\" data-element_type=\"widget\" data-widget_type=\"image-box.default\">\n\t\t\t\t<div class=\"elementor-widget-container\">\n\t\t\t\t\t<div class=\"elementor-image-box-wrapper\"><figure class=\"elementor-image-box-img\"><img decoding=\"async\" src=\"https:\/\/polletsro.cz\/wp-content\/uploads\/2025\/03\/ikona_vize_web-2-1.png\" title=\"\" alt=\"\" loading=\"lazy\" \/><\/figure><div class=\"elementor-image-box-content\"><h3 class=\"elementor-image-box-title\">VIZE LP<\/h3><p class=\"elementor-image-box-description\">Jsme TANDEM v oblasti \u0159\u00edzen\u00ed lidsk\u00fdch zdroj\u016f. Jsme T\u00ddM HR specialist\u016f se zam\u011b\u0159en\u00edm na vzd\u011bl\u00e1v\u00e1n\u00ed dosp\u011bl\u00fdch, budov\u00e1n\u00ed st\u0159edn\u00edho managementu a optimalizaci proces\u016f v oblasti \u0159\u00edzen\u00ed lidsk\u00fdch zdroj\u016f. Usilujeme o to, aby se organizace mohly op\u0159\u00edt o funk\u010dn\u00ed a v\u00fdkonn\u00fd st\u0159edn\u00ed management, kter\u00fd je kl\u00ed\u010dem k \u00fasp\u011b\u0161n\u00e9mu \u0159\u00edzen\u00ed a veden\u00ed lid\u00ed.<\/p><\/div><\/div>\t\t\t\t<\/div>\n\t\t\t\t<\/div>\n\t\t\t\t<\/div>\n\t\t<div class=\"elementor-element elementor-element-da7ff3b e-con-full e-flex e-con e-child\" data-id=\"da7ff3b\" data-element_type=\"container\">\n\t\t\t\t<div class=\"elementor-element elementor-element-b4e24ab elementor-position-top elementor-widget elementor-widget-image-box\" data-id=\"b4e24ab\" data-element_type=\"widget\" data-widget_type=\"image-box.default\">\n\t\t\t\t<div class=\"elementor-widget-container\">\n\t\t\t\t\t<div class=\"elementor-image-box-wrapper\"><figure class=\"elementor-image-box-img\"><img decoding=\"async\" src=\"https:\/\/polletsro.cz\/wp-content\/uploads\/2025\/03\/ikona_mise_web-1-1.png\" title=\"\" alt=\"\" loading=\"lazy\" \/><\/figure><div class=\"elementor-image-box-content\"><h3 class=\"elementor-image-box-title\">MISE LP<\/h3><p class=\"elementor-image-box-description\">Na\u0161im posl\u00e1n\u00edm je vr\u00e1tit sv\u011btu to, co jsme sami m\u011bli mo\u017enost v pr\u016fb\u011bhu vlastn\u00ed kari\u00e9ry z\u00edskat. Chceme klient\u016fm usnadnit cestu t\u00edm, \u017ee jim p\u0159ed\u00e1me to, co um\u00edme nejl\u00e9pe. Je pro n\u00e1s p\u0159irozen\u00e9 b\u00fdt partnery v projektech i v \u017eivot\u011b, partnery na kter\u00e9 se m\u016f\u017eete spolehnout.<\/p><\/div><\/div>\t\t\t\t<\/div>\n\t\t\t\t<\/div>\n\t\t\t\t<\/div>\n\t\t\t\t<\/div>\n\t\t\t\t\t<\/div>\n\t\t\t\t<\/div>\n\t\t<div class=\"elementor-element elementor-element-9a88221 e-flex e-con-boxed e-con e-parent\" data-id=\"9a88221\" data-element_type=\"container\">\n\t\t\t\t\t<div class=\"e-con-inner\">\n\t\t\t\t<div class=\"elementor-element elementor-element-6e704b1 elementor-widget-divider--view-line elementor-widget elementor-widget-divider\" data-id=\"6e704b1\" data-element_type=\"widget\" data-widget_type=\"divider.default\">\n\t\t\t\t<div class=\"elementor-widget-container\">\n\t\t\t\t\t\t\t<div class=\"elementor-divider\">\n\t\t\t<span class=\"elementor-divider-separator\">\n\t\t\t\t\t\t<\/span>\n\t\t<\/div>\n\t\t\t\t\t\t<\/div>\n\t\t\t\t<\/div>\n\t\t\t\t\t<\/div>\n\t\t\t\t<\/div>\n\t\t        <section class=\"elementor-section elementor-top-section elementor-element elementor-element-427a9a6 elementor-section-stretched elementor-section-boxed elementor-section-height-default elementor-section-height-default ct-header-fixed-none ct-row-max-none\" data-id=\"427a9a6\" data-element_type=\"section\" data-settings=\"{&quot;stretch_section&quot;:&quot;section-stretched&quot;,&quot;background_background&quot;:&quot;classic&quot;}\">\n            \n                        <div class=\"elementor-container elementor-column-gap-no \">\n                    <div class=\"elementor-column elementor-col-100 elementor-top-column elementor-element elementor-element-41058a0\" data-id=\"41058a0\" data-element_type=\"column\">\n        <div class=\"elementor-widget-wrap elementor-element-populated\">\n                    \n        \t\t<div class=\"elementor-element elementor-element-3e122c7 elementor-widget elementor-widget-ct_heading\" data-id=\"3e122c7\" data-element_type=\"widget\" data-widget_type=\"ct_heading.default\">\n\t\t\t\t<div class=\"elementor-widget-container\">\n\t\t\t\t\t<div id=\"ct_heading-3e122c7\" class=\"ct-heading h-align-center sub-style1 ct-heading-left item-st-default\">\r\n\t<div class=\"ct-item--inner\">\r\n        <div class=\"ct-inline-css\"  data-css=\"\r\n            \">\r\n        <\/div>\r\n                <h3 class=\"item--title st-default case-animate-time\" data-wow-delay=\"ms\">\r\n                        <span class=\"sp-main\">\r\n                \r\n                Na\u0161e slu\u017eby\r\n                \r\n                            <\/span>\r\n                    <\/h3>\r\n    <\/div>\r\n<\/div>\t\t\t\t<\/div>\n\t\t\t\t<\/div>\n\t\t        <section class=\"elementor-section elementor-inner-section elementor-element elementor-element-1be57ac elementor-section-full_width elementor-section-height-default elementor-section-height-default ct-header-fixed-none ct-row-max-none\" data-id=\"1be57ac\" data-element_type=\"section\">\n            \n                        <div class=\"elementor-container elementor-column-gap-extended \">\n                    <div class=\"elementor-column elementor-col-25 elementor-inner-column elementor-element elementor-element-130f8ae\" data-id=\"130f8ae\" data-element_type=\"column\">\n        <div class=\"elementor-widget-wrap elementor-element-populated\">\n                    \n        \t\t<div class=\"elementor-element elementor-element-eac2117 elementor-position-top elementor-widget elementor-widget-image-box\" data-id=\"eac2117\" data-element_type=\"widget\" data-widget_type=\"image-box.default\">\n\t\t\t\t<div class=\"elementor-widget-container\">\n\t\t\t\t\t<div class=\"elementor-image-box-wrapper\"><figure class=\"elementor-image-box-img\"><img decoding=\"async\" src=\"https:\/\/polletsro.cz\/wp-content\/uploads\/2025\/03\/ikona_vzdelavani-1.png\" title=\"\" alt=\"\" loading=\"lazy\" \/><\/figure><div class=\"elementor-image-box-content\"><h5 class=\"elementor-image-box-title\">VZD\u011aL\u00c1V\u00c1N\u00cd<\/h5><\/div><\/div>\t\t\t\t<\/div>\n\t\t\t\t<\/div>\n\t\t            <\/div>\n        <\/div>\n                <div class=\"elementor-column elementor-col-25 elementor-inner-column elementor-element elementor-element-699624d\" data-id=\"699624d\" data-element_type=\"column\">\n        <div class=\"elementor-widget-wrap elementor-element-populated\">\n                    \n        \t\t<div class=\"elementor-element elementor-element-b5f5b5b elementor-position-top elementor-widget elementor-widget-image-box\" data-id=\"b5f5b5b\" data-element_type=\"widget\" data-widget_type=\"image-box.default\">\n\t\t\t\t<div class=\"elementor-widget-container\">\n\t\t\t\t\t<div class=\"elementor-image-box-wrapper\"><figure class=\"elementor-image-box-img\"><img decoding=\"async\" src=\"https:\/\/polletsro.cz\/wp-content\/uploads\/2025\/03\/ikona_design-1.png\" title=\"\" alt=\"\" loading=\"lazy\" \/><\/figure><div class=\"elementor-image-box-content\"><h5 class=\"elementor-image-box-title\">KONZULTACE<\/h5><\/div><\/div>\t\t\t\t<\/div>\n\t\t\t\t<\/div>\n\t\t            <\/div>\n        <\/div>\n                <div class=\"elementor-column elementor-col-25 elementor-inner-column elementor-element elementor-element-2283e60\" data-id=\"2283e60\" data-element_type=\"column\">\n        <div class=\"elementor-widget-wrap elementor-element-populated\">\n                    \n        \t\t<div class=\"elementor-element elementor-element-46c662f elementor-position-top elementor-widget elementor-widget-image-box\" data-id=\"46c662f\" data-element_type=\"widget\" data-widget_type=\"image-box.default\">\n\t\t\t\t<div class=\"elementor-widget-container\">\n\t\t\t\t\t<div class=\"elementor-image-box-wrapper\"><figure class=\"elementor-image-box-img\"><img decoding=\"async\" src=\"https:\/\/polletsro.cz\/wp-content\/uploads\/2025\/03\/ikona_dum_web-1.png\" title=\"\" alt=\"\" loading=\"lazy\" \/><\/figure><div class=\"elementor-image-box-content\"><h5 class=\"elementor-image-box-title\">V\u00ddB\u011aROV\u00c1 \u0158\u00cdZEN\u00cd<\/h5><\/div><\/div>\t\t\t\t<\/div>\n\t\t\t\t<\/div>\n\t\t            <\/div>\n        <\/div>\n                <div class=\"elementor-column elementor-col-25 elementor-inner-column elementor-element elementor-element-018819f\" data-id=\"018819f\" data-element_type=\"column\">\n        <div class=\"elementor-widget-wrap elementor-element-populated\">\n                    \n        \t\t<div class=\"elementor-element elementor-element-006e59d elementor-position-top elementor-widget elementor-widget-image-box\" data-id=\"006e59d\" data-element_type=\"widget\" data-widget_type=\"image-box.default\">\n\t\t\t\t<div class=\"elementor-widget-container\">\n\t\t\t\t\t<div class=\"elementor-image-box-wrapper\"><figure class=\"elementor-image-box-img\"><img decoding=\"async\" src=\"https:\/\/polletsro.cz\/wp-content\/uploads\/2025\/03\/ikona_eshop-1.png\" title=\"\" alt=\"\" loading=\"lazy\" \/><\/figure><div class=\"elementor-image-box-content\"><h5 class=\"elementor-image-box-title\">ESHOP<\/h5><\/div><\/div>\t\t\t\t<\/div>\n\t\t\t\t<\/div>\n\t\t            <\/div>\n        <\/div>\n                    <\/div>\n        <\/section>\n                    <\/div>\n        <\/div>\n                    <\/div>\n        <\/section>\n        <div class=\"elementor-element elementor-element-7e9aada e-flex e-con-boxed e-con e-parent\" data-id=\"7e9aada\" data-element_type=\"container\">\n\t\t\t\t\t<div class=\"e-con-inner\">\n\t\t\t\t<div class=\"elementor-element elementor-element-6df7839 elementor-widget-divider--view-line elementor-widget elementor-widget-divider\" data-id=\"6df7839\" data-element_type=\"widget\" data-widget_type=\"divider.default\">\n\t\t\t\t<div class=\"elementor-widget-container\">\n\t\t\t\t\t\t\t<div class=\"elementor-divider\">\n\t\t\t<span class=\"elementor-divider-separator\">\n\t\t\t\t\t\t<\/span>\n\t\t<\/div>\n\t\t\t\t\t\t<\/div>\n\t\t\t\t<\/div>\n\t\t\t\t\t<\/div>\n\t\t\t\t<\/div>\n\t\t<div class=\"elementor-element elementor-element-4e79855 e-flex e-con-boxed e-con e-parent\" data-id=\"4e79855\" data-element_type=\"container\">\n\t\t\t\t\t<div class=\"e-con-inner\">\n\t\t\t\t<div class=\"elementor-element elementor-element-31e2eca elementor-widget elementor-widget-heading\" data-id=\"31e2eca\" data-element_type=\"widget\" data-widget_type=\"heading.default\">\n\t\t\t\t<div class=\"elementor-widget-container\">\n\t\t\t\t\t<h4 class=\"elementor-heading-title elementor-size-default\">Zaregistrujte si sv\u016fj term\u00edn je\u0161t\u011b DNES!<\/h4>\t\t\t\t<\/div>\n\t\t\t\t<\/div>\n\t\t\t\t\t<\/div>\n\t\t\t\t<\/div>\n\t\t<div class=\"elementor-element elementor-element-0089531 e-flex e-con-boxed e-con e-parent\" data-id=\"0089531\" data-element_type=\"container\">\n\t\t\t\t\t<div class=\"e-con-inner\">\n\t\t\t\t<div class=\"elementor-element elementor-element-0c87cfc elementor-align-center elementor-align-center elementor-widget elementor-widget-ct_button\" data-id=\"0c87cfc\" data-element_type=\"widget\" data-widget_type=\"ct_button.default\">\n\t\t\t\t<div class=\"elementor-widget-container\">\n\t\t\t\t\t<div id=\"ct_button-0c87cfc\" class=\"ct-button-wrapper ct-button-layout1 icon- btn--inline \">\r\n    <div class=\"ct-inline-css\"  data-css=\"\r\n                    #ct_button-0c87cfc.ct-button-wrapper .btn {\r\n                background-image: -webkit-gradient(linear, left top, right top, from(#FFFFFF), to(#90CDC100)) !important;\r\n                background-image: -webkit-linear-gradient(left, #FFFFFF, #90CDC100) !important;\r\n                background-image: -moz-linear-gradient(left, #FFFFFF, #90CDC100) !important;\r\n                background-image: -ms-linear-gradient(left, #FFFFFF, #90CDC100) !important;\r\n                background-image: -o-linear-gradient(left, #FFFFFF, #90CDC100) !important;\r\n                background-image: linear-gradient(left, #FFFFFF, #90CDC100) !important;\r\n                filter: progid:DXImageTransform.Microsoft.gradient(startColorStr='#FFFFFF', endColorStr='#90CDC100', gradientType='1') !important;\r\n                background-color: transparent !important;\r\n            }\r\n        \">\r\n    <\/div>\r\n            <span class=\"ct-icon-active\"><\/span>\r\n        <a href=\"https:\/\/pollet-s-r-o.reservio.com\" class=\"btn btn-default icon-active btn-inline-block  \" data-wow-delay=\"ms\">\r\n                            <span class=\"ct-button-icon ct-align-icon-\">\r\n                            <\/span>\r\n                <span class=\"ct-button-text\">Rezerva\u010dn\u00ed port\u00e1l<\/span>\r\n    <\/a>\r\n<\/div>\t\t\t\t<\/div>\n\t\t\t\t<\/div>\n\t\t\t\t\t<\/div>\n\t\t\t\t<\/div>\n\t\t<div class=\"elementor-element elementor-element-b9ac471 e-flex e-con-boxed e-con e-parent\" data-id=\"b9ac471\" data-element_type=\"container\">\n\t\t\t\t\t<div class=\"e-con-inner\">\n\t\t\t\t<div class=\"elementor-element elementor-element-8443f8e elementor-widget-divider--view-line elementor-widget elementor-widget-divider\" data-id=\"8443f8e\" data-element_type=\"widget\" data-widget_type=\"divider.default\">\n\t\t\t\t<div class=\"elementor-widget-container\">\n\t\t\t\t\t\t\t<div class=\"elementor-divider\">\n\t\t\t<span class=\"elementor-divider-separator\">\n\t\t\t\t\t\t<\/span>\n\t\t<\/div>\n\t\t\t\t\t\t<\/div>\n\t\t\t\t<\/div>\n\t\t\t\t\t<\/div>\n\t\t\t\t<\/div>\n\t\t<div class=\"elementor-element elementor-element-dbe5a02 e-con-full e-flex e-con e-parent\" data-id=\"dbe5a02\" data-element_type=\"container\" data-settings=\"{&quot;background_background&quot;:&quot;gradient&quot;}\">\n\t\t<div class=\"elementor-element elementor-element-70f13b6 e-grid e-con-boxed e-con e-child\" data-id=\"70f13b6\" data-element_type=\"container\">\n\t\t\t\t\t<div class=\"e-con-inner\">\n\t\t\t\t<div class=\"elementor-element elementor-element-be3f7b3 elementor-widget elementor-widget-image-box\" data-id=\"be3f7b3\" data-element_type=\"widget\" data-widget_type=\"image-box.default\">\n\t\t\t\t<div class=\"elementor-widget-container\">\n\t\t\t\t\t<div class=\"elementor-image-box-wrapper\"><div class=\"elementor-image-box-content\"><h3 class=\"elementor-image-box-title\">OTEV\u00cdRAC\u00cd DOBA<\/h3><p class=\"elementor-image-box-description\">24\/7 - dle domluvy nebo rezerva\u010dn\u00edho syst\u00e9mu<\/p><\/div><\/div>\t\t\t\t<\/div>\n\t\t\t\t<\/div>\n\t\t\t\t\t<\/div>\n\t\t\t\t<\/div>\n\t\t<div class=\"elementor-element elementor-element-d00152f e-flex e-con-boxed e-con e-child\" data-id=\"d00152f\" data-element_type=\"container\">\n\t\t\t\t\t<div class=\"e-con-inner\">\n\t\t\t\t<div class=\"elementor-element elementor-element-a3892d6 elementor-widget elementor-widget-image-box\" data-id=\"a3892d6\" data-element_type=\"widget\" data-widget_type=\"image-box.default\">\n\t\t\t\t<div class=\"elementor-widget-container\">\n\t\t\t\t\t<div class=\"elementor-image-box-wrapper\"><div class=\"elementor-image-box-content\"><h3 class=\"elementor-image-box-title\">Kontakt<\/h3><p class=\"elementor-image-box-description\">Bc. Lenka Polletov\u00e1<br>\n+420 734 794 783<br>\nlenka@polletsro.cz<br>\nI\u010cO: 28046081, DI\u010c: CZ28046081<br>\nLobezsk\u00e1 61\/65, Plze\u0148 326 00<\/p><\/div><\/div>\t\t\t\t<\/div>\n\t\t\t\t<\/div>\n\t\t\t\t\t<\/div>\n\t\t\t\t<\/div>\n\t\t\t\t<\/div>\n\t\t\t\t<\/div>\n\t\t","protected":false},"excerpt":{"rendered":"<p>Specialista rozvoje v oblasti st\u0159edn\u00edho managementu\u200b V\u00edce ne\u017e 30 let se pohybuji v prost\u0159ed\u00ed \u0159\u00edzen\u00ed lid\u00ed a firem, jak na \u010desk\u00e9m, tak mezin\u00e1rodn\u00edm trhu. Z toho ji\u017e v\u00edce ne\u017e 25 let aktivn\u011b p\u016fsob\u00edm v roli st\u0159edn\u00edho a vy\u0161\u0161\u00edho managementu. Moje praxe je pos\u00edlena studiem nejd\u016fle\u017eit\u011bj\u0161\u00edch mana\u017eersk\u00fdch teori\u00ed nejen v \u010cesk\u00e9 republice, ale i v zahrani\u010d\u00ed, [&hellip;]<\/p>\n","protected":false},"author":1,"featured_media":0,"parent":0,"menu_order":0,"comment_status":"closed","ping_status":"closed","template":"","meta":{"footnotes":""},"class_list":["post-7367","page","type-page","status-publish","hentry"],"_links":{"self":[{"href":"https:\/\/polletsro.cz\/index.php?rest_route=\/wp\/v2\/pages\/7367","targetHints":{"allow":["GET"]}}],"collection":[{"href":"https:\/\/polletsro.cz\/index.php?rest_route=\/wp\/v2\/pages"}],"about":[{"href":"https:\/\/polletsro.cz\/index.php?rest_route=\/wp\/v2\/types\/page"}],"author":[{"embeddable":true,"href":"https:\/\/polletsro.cz\/index.php?rest_route=\/wp\/v2\/users\/1"}],"replies":[{"embeddable":true,"href":"https:\/\/polletsro.cz\/index.php?rest_route=%2Fwp%2Fv2%2Fcomments&post=7367"}],"version-history":[{"count":43,"href":"https:\/\/polletsro.cz\/index.php?rest_route=\/wp\/v2\/pages\/7367\/revisions"}],"predecessor-version":[{"id":7927,"href":"https:\/\/polletsro.cz\/index.php?rest_route=\/wp\/v2\/pages\/7367\/revisions\/7927"}],"wp:attachment":[{"href":"https:\/\/polletsro.cz\/index.php?rest_route=%2Fwp%2Fv2%2Fmedia&parent=7367"}],"curies":[{"name":"wp","href":"https:\/\/api.w.org\/{rel}","templated":true}]}}